{"id":741,"date":"2022-05-05T16:09:30","date_gmt":"2022-05-05T16:09:30","guid":{"rendered":"https:\/\/fs.nvisions.de\/wordpress\/?page_id=741"},"modified":"2022-05-13T06:24:23","modified_gmt":"2022-05-13T06:24:23","slug":"classic-rock","status":"publish","type":"page","link":"https:\/\/fs.nvisions.de\/wordpress\/?page_id=741","title":{"rendered":"Classic Rock"},"content":{"rendered":"\n<p>mit <a href=\"https:\/\/www.unitedcrash.rocks\/\" target=\"_blank\" rel=\"noreferrer noopener\">United Crash<\/a><\/p>\n\n\n\n<p><\/p>\n\n\n\n<h2>Samstag, 4. Juni 2022<\/h2>\n\n\n\n<p>Einlass: 18:30 Uhr<br>Beginn: 20.00 Uhr<\/p>\n\n\n\n<p>Sporthalle<br>Am Kreuzweg<br>85232 Lauterbach<\/p>\n\n\n\n<p>Tickets<br>Vorverkauf: \u20ac 18<br>Abendkasse: \u20ac 20<br><strong>Vorverkaufsstellen: <\/strong><br>B\u00e4ckerei W\u00f6rmann, Lauterbach<br>AVIA Tankstelle, Bergkirchen<\/p>\n\n\n\n<div class=\"wp-container-1 wp-block-buttons\">\n<div class=\"wp-block-button\"><a class=\"wp-block-button__link\" href=\"mailto:info@sclauterbach.de?subject=Ticket%20Anfrage%20United%20Crash\">&gt;&gt;&gt; Ticket-Anfrage per E-Mail <\/a><\/div>\n<\/div>\n\n\n\n<p><\/p>\n\n\n\n<p>Der Ertrag wird zu 100% der Ukraine-Hilfe zugef\u00fchrt!<\/p>\n\n\n\n<iframe loading=\"lazy\" width=\"560\" height=\"315\" src=\"https:\/\/www.youtube.com\/embed\/p3eJ0WHqSQI\" title=\"YouTube video player\" frameborder=\"0\" allow=\"accelerometer; autoplay; clipboard-write; encrypted-media; gyroscope; picture-in-picture\" allowfullscreen><\/iframe>\n\n\n\n<p><\/p>\n","protected":false},"excerpt":{"rendered":"<p>mit United Crash Samstag, 4. Juni 2022 Einlass: 18:30 UhrBeginn: 20.00 Uhr SporthalleAm Kreuzweg85232 Lauterbach TicketsVorverkauf: \u20ac 18Abendkasse: \u20ac 20Vorverkaufsstellen: B\u00e4ckerei W\u00f6rmann, LauterbachAVIA Tankstelle, Bergkirchen Der Ertrag wird zu 100% der Ukraine-Hilfe zugef\u00fchrt!<\/p>\n","protected":false},"author":1,"featured_media":0,"parent":0,"menu_order":0,"comment_status":"closed","ping_status":"closed","template":"","meta":[],"_links":{"self":[{"href":"https:\/\/fs.nvisions.de\/wordpress\/index.php?rest_route=\/wp\/v2\/pages\/741"}],"collection":[{"href":"https:\/\/fs.nvisions.de\/wordpress\/index.php?rest_route=\/wp\/v2\/pages"}],"about":[{"href":"https:\/\/fs.nvisions.de\/wordpress\/index.php?rest_route=\/wp\/v2\/types\/page"}],"author":[{"embeddable":true,"href":"https:\/\/fs.nvisions.de\/wordpress\/index.php?rest_route=\/wp\/v2\/users\/1"}],"replies":[{"embeddable":true,"href":"https:\/\/fs.nvisions.de\/wordpress\/index.php?rest_route=%2Fwp%2Fv2%2Fcomments&post=741"}],"version-history":[{"count":9,"href":"https:\/\/fs.nvisions.de\/wordpress\/index.php?rest_route=\/wp\/v2\/pages\/741\/revisions"}],"predecessor-version":[{"id":755,"href":"https:\/\/fs.nvisions.de\/wordpress\/index.php?rest_route=\/wp\/v2\/pages\/741\/revisions\/755"}],"wp:attachment":[{"href":"https:\/\/fs.nvisions.de\/wordpress\/index.php?rest_route=%2Fwp%2Fv2%2Fmedia&parent=741"}],"curies":[{"name":"wp","href":"https:\/\/api.w.org\/{rel}","templated":true}]}}